{"id":732,"date":"2018-09-30T10:13:44","date_gmt":"2018-09-30T10:13:44","guid":{"rendered":"http:\/\/localhost\/www\/Mythemes\/modeling\/?page_id=732"},"modified":"2023-11-04T22:48:30","modified_gmt":"2023-11-04T20:48:30","slug":"contact","status":"publish","type":"page","link":"https:\/\/www.mahuzier.com\/wp\/contact\/","title":{"rendered":"Contacter Nous"},"content":{"rendered":"\t\t<div data-elementor-type=\"wp-page\" data-elementor-id=\"732\" class=\"elementor elementor-732\">\n\t\t\t\t\t\t<section class=\"elementor-section elementor-top-section elementor-element elementor-element-f58e42e elementor-section-boxed elementor-section-height-default elementor-section-height-default\" data-id=\"f58e42e\" data-element_type=\"section\">\n\t\t\t\t\t\t<div class=\"elementor-container elementor-column-gap-default\">\n\t\t\t\t\t<div class=\"elementor-column elementor-col-100 elementor-top-column elementor-element elementor-element-bd42d8c\" data-id=\"bd42d8c\" data-element_type=\"column\">\n\t\t\t<div class=\"elementor-widget-wrap elementor-element-populated\">\n\t\t\t\t\t\t<div class=\"elementor-element elementor-element-154334b eael-contact-form-7-button-align-left eael-contact-form-7-button-custom elementor-widget elementor-widget-eael-contact-form-7\" data-id=\"154334b\" data-element_type=\"widget\" data-widget_type=\"eael-contact-form-7.default\">\n\t\t\t\t<div class=\"elementor-widget-container\">\n\t\t\t\t\t<div class=\"eael-contact-form-7-wrapper\">\n                <div class=\"eael-contact-form eael-contact-form-7 eael-contact-form-154334b placeholder-show eael-contact-form-align-default\"><div class=\"eael-contact-form-7-heading\"><h3 class=\"eael-contact-form-title eael-contact-form-7-title\">\n                                    Demande de renseignement\n                                <\/h3><div class=\"eael-contact-form-description eael-contact-form-7-description\"> Pour nous joindre, veuillez renseigner tout  les champs\n                            <\/div><\/div>\n<div class=\"wpcf7 no-js\" id=\"wpcf7-f1964-o1\" lang=\"fr-FR\" dir=\"ltr\" data-wpcf7-id=\"1964\">\n<div class=\"screen-reader-response\"><p role=\"status\" aria-live=\"polite\" aria-atomic=\"true\"><\/p> <ul><\/ul><\/div>\n<form action=\"\/wp\/wp-json\/wp\/v2\/pages\/732#wpcf7-f1964-o1\" method=\"post\" class=\"wpcf7-form init\" aria-label=\"Formulaire de contact\" novalidate=\"novalidate\" data-status=\"init\">\n<fieldset class=\"hidden-fields-container\"><input type=\"hidden\" name=\"_wpcf7\" value=\"1964\" \/><input type=\"hidden\" name=\"_wpcf7_version\" value=\"6.1.1\" \/><input type=\"hidden\" name=\"_wpcf7_locale\" value=\"fr_FR\" \/><input type=\"hidden\" name=\"_wpcf7_unit_tag\" value=\"wpcf7-f1964-o1\" \/><input type=\"hidden\" name=\"_wpcf7_container_post\" value=\"0\" \/><input type=\"hidden\" name=\"_wpcf7_posted_data_hash\" value=\"\" \/>\n<\/fieldset>\n<p><label> Votre nom<br \/>\n<span class=\"wpcf7-form-control-wrap\" data-name=\"your-name\"><input size=\"40\" maxlength=\"400\" class=\"wpcf7-form-control wpcf7-text wpcf7-validates-as-required\" aria-required=\"true\" aria-invalid=\"false\" value=\"\" type=\"text\" name=\"your-name\" \/><\/span> <\/label>\n<\/p>\n<p><label> Votre e-mail<br \/>\n<span class=\"wpcf7-form-control-wrap\" data-name=\"your-email\"><input size=\"40\" maxlength=\"400\" class=\"wpcf7-form-control wpcf7-email wpcf7-validates-as-required wpcf7-text wpcf7-validates-as-email\" aria-required=\"true\" aria-invalid=\"false\" value=\"\" type=\"email\" name=\"your-email\" \/><\/span> <\/label>\n<\/p>\n<p><label> Objet<br \/>\n<span class=\"wpcf7-form-control-wrap\" data-name=\"your-subject\"><input size=\"40\" maxlength=\"400\" class=\"wpcf7-form-control wpcf7-text wpcf7-validates-as-required\" aria-required=\"true\" aria-invalid=\"false\" value=\"\" type=\"text\" name=\"your-subject\" \/><\/span> <\/label>\n<\/p>\n<p><label> Votre message (facultatif)<br \/>\n<span class=\"wpcf7-form-control-wrap\" data-name=\"your-message\"><textarea cols=\"40\" rows=\"10\" maxlength=\"2000\" class=\"wpcf7-form-control wpcf7-textarea\" aria-invalid=\"false\" name=\"your-message\"><\/textarea><\/span> <\/label>\n<\/p>\n<p><input class=\"wpcf7-form-control wpcf7-submit has-spinner\" type=\"submit\" value=\"Envoyer\" \/>\n<\/p><p style=\"display: none !important;\" class=\"akismet-fields-container\" data-prefix=\"_wpcf7_ak_\"><label>&#916;<textarea name=\"_wpcf7_ak_hp_textarea\" cols=\"45\" rows=\"8\" maxlength=\"100\"><\/textarea><\/label><input type=\"hidden\" id=\"ak_js_1\" name=\"_wpcf7_ak_js\" value=\"201\"\/><script>document.getElementById( \"ak_js_1\" ).setAttribute( \"value\", ( new Date() ).getTime() );<\/script><\/p><div class=\"wpcf7-response-output\" aria-hidden=\"true\"><\/div>\n<\/form>\n<\/div>\n<\/div>\n            <\/div>\t\t\t\t<\/div>\n\t\t\t\t<\/div>\n\t\t\t\t\t<\/div>\n\t\t<\/div>\n\t\t\t\t\t<\/div>\n\t\t<\/section>\n\t\t\t\t<\/div>\n\t\t","protected":false},"excerpt":{"rendered":"<p>Demande de renseignement Pour nous joindre, veuillez renseigner tout les champs Votre nom Votre e-mail Objet Votre message (facultatif) &#916;<\/p>\n","protected":false},"author":1,"featured_media":0,"parent":0,"menu_order":0,"comment_status":"closed","ping_status":"closed","template":"","meta":{"_acf_changed":false,"_eb_attr":"","iawp_total_views":49,"footnotes":""},"class_list":["post-732","page","type-page","status-publish","hentry"],"acf":[],"yoast_head":"<!-- This site is optimized with the Yoast SEO plugin v25.8 - https:\/\/yoast.com\/wordpress\/plugins\/seo\/ -->\n<title>Contacter Nous - MAHUZIER point COM<\/title>\n<meta name=\"robots\" content=\"noindex, follow, max-snippet:-1, max-image-preview:large, max-video-preview:-1\" \/>\n<meta property=\"og:locale\" content=\"fr_FR\" \/>\n<meta property=\"og:type\" content=\"article\" \/>\n<meta property=\"og:title\" content=\"Contacter Nous - MAHUZIER point COM\" \/>\n<meta property=\"og:description\" content=\"Demande de renseignement Pour nous joindre, veuillez renseigner tout les champs Votre nom Votre e-mail Objet Votre message (facultatif) &#916;\" \/>\n<meta property=\"og:url\" content=\"https:\/\/www.mahuzier.com\/wp\/contact\/\" \/>\n<meta property=\"og:site_name\" content=\"MAHUZIER point COM\" \/>\n<meta property=\"article:modified_time\" content=\"2023-11-04T20:48:30+00:00\" \/>\n<meta name=\"twitter:card\" content=\"summary_large_image\" \/>\n<meta name=\"twitter:label1\" content=\"Dur\u00e9e de lecture estim\u00e9e\" \/>\n\t<meta name=\"twitter:data1\" content=\"1 minute\" \/>\n<script type=\"application\/ld+json\" class=\"yoast-schema-graph\">{\"@context\":\"https:\/\/schema.org\",\"@graph\":[{\"@type\":\"WebPage\",\"@id\":\"https:\/\/www.mahuzier.com\/wp\/contact\/\",\"url\":\"https:\/\/www.mahuzier.com\/wp\/contact\/\",\"name\":\"Contacter Nous - MAHUZIER point COM\",\"isPartOf\":{\"@id\":\"https:\/\/www.mahuzier.com\/wp\/#website\"},\"datePublished\":\"2018-09-30T10:13:44+00:00\",\"dateModified\":\"2023-11-04T20:48:30+00:00\",\"breadcrumb\":{\"@id\":\"https:\/\/www.mahuzier.com\/wp\/contact\/#breadcrumb\"},\"inLanguage\":\"fr-FR\",\"potentialAction\":[{\"@type\":\"ReadAction\",\"target\":[\"https:\/\/www.mahuzier.com\/wp\/contact\/\"]}]},{\"@type\":\"BreadcrumbList\",\"@id\":\"https:\/\/www.mahuzier.com\/wp\/contact\/#breadcrumb\",\"itemListElement\":[{\"@type\":\"ListItem\",\"position\":1,\"name\":\"Accueil\",\"item\":\"https:\/\/www.mahuzier.com\/wp\/\"},{\"@type\":\"ListItem\",\"position\":2,\"name\":\"Contacter Nous\"}]},{\"@type\":\"WebSite\",\"@id\":\"https:\/\/www.mahuzier.com\/wp\/#website\",\"url\":\"https:\/\/www.mahuzier.com\/wp\/\",\"name\":\"MAHUZIER point COM\",\"description\":\"Un lien indispensable pour r\u00e9unir tous ses membres \u00e9parpill\u00e9s dans le monde.\",\"publisher\":{\"@id\":\"https:\/\/www.mahuzier.com\/wp\/#organization\"},\"potentialAction\":[{\"@type\":\"SearchAction\",\"target\":{\"@type\":\"EntryPoint\",\"urlTemplate\":\"https:\/\/www.mahuzier.com\/wp\/?s={search_term_string}\"},\"query-input\":{\"@type\":\"PropertyValueSpecification\",\"valueRequired\":true,\"valueName\":\"search_term_string\"}}],\"inLanguage\":\"fr-FR\"},{\"@type\":\"Organization\",\"@id\":\"https:\/\/www.mahuzier.com\/wp\/#organization\",\"name\":\"MAHUZIER point COM\",\"url\":\"https:\/\/www.mahuzier.com\/wp\/\",\"logo\":{\"@type\":\"ImageObject\",\"inLanguage\":\"fr-FR\",\"@id\":\"https:\/\/www.mahuzier.com\/wp\/#\/schema\/logo\/image\/\",\"url\":\"https:\/\/www.mahuzier.com\/wp\/wp-content\/uploads\/2021\/01\/siteon0.gif\",\"contentUrl\":\"https:\/\/www.mahuzier.com\/wp\/wp-content\/uploads\/2021\/01\/siteon0.gif\",\"width\":53,\"height\":45,\"caption\":\"MAHUZIER point COM\"},\"image\":{\"@id\":\"https:\/\/www.mahuzier.com\/wp\/#\/schema\/logo\/image\/\"}}]}<\/script>\n<!-- \/ Yoast SEO plugin. -->","yoast_head_json":{"title":"Contacter Nous - MAHUZIER point COM","robots":{"index":"noindex","follow":"follow","max-snippet":"max-snippet:-1","max-image-preview":"max-image-preview:large","max-video-preview":"max-video-preview:-1"},"og_locale":"fr_FR","og_type":"article","og_title":"Contacter Nous - MAHUZIER point COM","og_description":"Demande de renseignement Pour nous joindre, veuillez renseigner tout les champs Votre nom Votre e-mail Objet Votre message (facultatif) &#916;","og_url":"https:\/\/www.mahuzier.com\/wp\/contact\/","og_site_name":"MAHUZIER point COM","article_modified_time":"2023-11-04T20:48:30+00:00","twitter_card":"summary_large_image","twitter_misc":{"Dur\u00e9e de lecture estim\u00e9e":"1 minute"},"schema":{"@context":"https:\/\/schema.org","@graph":[{"@type":"WebPage","@id":"https:\/\/www.mahuzier.com\/wp\/contact\/","url":"https:\/\/www.mahuzier.com\/wp\/contact\/","name":"Contacter Nous - MAHUZIER point COM","isPartOf":{"@id":"https:\/\/www.mahuzier.com\/wp\/#website"},"datePublished":"2018-09-30T10:13:44+00:00","dateModified":"2023-11-04T20:48:30+00:00","breadcrumb":{"@id":"https:\/\/www.mahuzier.com\/wp\/contact\/#breadcrumb"},"inLanguage":"fr-FR","potentialAction":[{"@type":"ReadAction","target":["https:\/\/www.mahuzier.com\/wp\/contact\/"]}]},{"@type":"BreadcrumbList","@id":"https:\/\/www.mahuzier.com\/wp\/contact\/#breadcrumb","itemListElement":[{"@type":"ListItem","position":1,"name":"Accueil","item":"https:\/\/www.mahuzier.com\/wp\/"},{"@type":"ListItem","position":2,"name":"Contacter Nous"}]},{"@type":"WebSite","@id":"https:\/\/www.mahuzier.com\/wp\/#website","url":"https:\/\/www.mahuzier.com\/wp\/","name":"MAHUZIER point COM","description":"Un lien indispensable pour r\u00e9unir tous ses membres \u00e9parpill\u00e9s dans le monde.","publisher":{"@id":"https:\/\/www.mahuzier.com\/wp\/#organization"},"potentialAction":[{"@type":"SearchAction","target":{"@type":"EntryPoint","urlTemplate":"https:\/\/www.mahuzier.com\/wp\/?s={search_term_string}"},"query-input":{"@type":"PropertyValueSpecification","valueRequired":true,"valueName":"search_term_string"}}],"inLanguage":"fr-FR"},{"@type":"Organization","@id":"https:\/\/www.mahuzier.com\/wp\/#organization","name":"MAHUZIER point COM","url":"https:\/\/www.mahuzier.com\/wp\/","logo":{"@type":"ImageObject","inLanguage":"fr-FR","@id":"https:\/\/www.mahuzier.com\/wp\/#\/schema\/logo\/image\/","url":"https:\/\/www.mahuzier.com\/wp\/wp-content\/uploads\/2021\/01\/siteon0.gif","contentUrl":"https:\/\/www.mahuzier.com\/wp\/wp-content\/uploads\/2021\/01\/siteon0.gif","width":53,"height":45,"caption":"MAHUZIER point COM"},"image":{"@id":"https:\/\/www.mahuzier.com\/wp\/#\/schema\/logo\/image\/"}}]}},"_links":{"self":[{"href":"https:\/\/www.mahuzier.com\/wp\/wp-json\/wp\/v2\/pages\/732","targetHints":{"allow":["GET"]}}],"collection":[{"href":"https:\/\/www.mahuzier.com\/wp\/wp-json\/wp\/v2\/pages"}],"about":[{"href":"https:\/\/www.mahuzier.com\/wp\/wp-json\/wp\/v2\/types\/page"}],"author":[{"embeddable":true,"href":"https:\/\/www.mahuzier.com\/wp\/wp-json\/wp\/v2\/users\/1"}],"replies":[{"embeddable":true,"href":"https:\/\/www.mahuzier.com\/wp\/wp-json\/wp\/v2\/comments?post=732"}],"version-history":[{"count":13,"href":"https:\/\/www.mahuzier.com\/wp\/wp-json\/wp\/v2\/pages\/732\/revisions"}],"predecessor-version":[{"id":3306,"href":"https:\/\/www.mahuzier.com\/wp\/wp-json\/wp\/v2\/pages\/732\/revisions\/3306"}],"wp:attachment":[{"href":"https:\/\/www.mahuzier.com\/wp\/wp-json\/wp\/v2\/media?parent=732"}],"curies":[{"name":"wp","href":"https:\/\/api.w.org\/{rel}","templated":true}]}}